{"id":2811,"date":"2025-09-26T17:34:32","date_gmt":"2025-09-26T17:34:32","guid":{"rendered":"https:\/\/ap-lean.ch\/?page_id=2811"},"modified":"2025-09-28T08:54:40","modified_gmt":"2025-09-28T08:54:40","slug":"elementor-2811","status":"publish","type":"page","link":"https:\/\/ap-lean.ch\/?page_id=2811","title":{"rendered":"Elementor #2811"},"content":{"rendered":"<div data-colibri-id=\"2811-c1\" class=\"style-270 style-local-2811-c1 position-relative\">\n  <!---->\n  <div data-colibri-component=\"section\" data-colibri-id=\"2811-c2\" id=\"overlappable\" class=\"h-section h-section-global-spacing d-flex align-items-lg-center align-items-md-center align-items-center style-273 style-local-2811-c2 position-relative\">\n    <!---->\n    <!---->\n    <div class=\"h-section-grid-container h-section-fluid-container\">\n      <!---->\n      <div data-colibri-id=\"2811-c3\" class=\"h-row-container gutters-row-lg-1 gutters-row-md-0 gutters-row-2 gutters-row-v-lg-1 gutters-row-v-md-0 gutters-row-v-1 style-274 style-local-2811-c3 position-relative\">\n        <!---->\n        <div class=\"h-row justify-content-lg-center justify-content-md-center justify-content-center align-items-lg-stretch align-items-md-stretch align-items-stretch gutters-col-lg-1 gutters-col-md-0 gutters-col-2 gutters-col-v-lg-1 gutters-col-v-md-0 gutters-col-v-1\">\n          <!---->\n          <div class=\"h-column h-column-container d-flex h-col-lg-6 h-col-md-6 h-col-12 style-275-outer style-local-2811-c4-outer\">\n            <div data-colibri-id=\"2811-c4\" class=\"d-flex h-flex-basis h-column__inner h-px-lg-2 h-px-md-3 h-px-2 v-inner-lg-0 v-inner-md-3 v-inner-2 style-275 style-local-2811-c4 position-relative\">\n              <!---->\n              <!---->\n              <div class=\"w-100 h-y-container h-column__content h-column__v-align flex-basis-100 align-self-lg-start align-self-md-start align-self-start\">\n                <!---->\n                <div data-colibri-id=\"2811-c45\" class=\"style-482 style-local-2811-c45 position-relative h-element\">\n                  <!---->\n                <\/div>\n                <div data-colibri-id=\"2811-c49\" class=\"h-divider style-487 style-local-2811-c49 position-relative h-element\">\n                  <!----><span class=\"h-divider__line style-487-line style-local-2811-c49-line style-487-line style-local-2811-c49-line\"><\/span> <span class=\"h-svg-icon h-divider__icon style-487-icon style-local-2811-c49-icon\"><!--Icon by Font Awesome (https:\/\/fontawesome.com)-->\n    <svg version=\"1.1\" xmlns=\"http:\/\/www.w3.org\/2000\/svg\" xmlns:xlink=\"http:\/\/www.w3.org\/1999\/xlink\" id=\"arrow-down\" viewBox=\"0 0 1664 1896.0833\">\n      <path d=\"M1611 832q0 53-37 90l-651 652q-39 37-91 37-53 0-90-37L91 922q-38-36-38-90 0-53 38-91l74-75q39-37 91-37 53 0 90 37l294 294V256q0-52 38-90t90-38h128q52 0 90 38t38 90v704l294-294q37-37 90-37 52 0 91 37l75 75q37 39 37 91z\"><\/path>\n    <\/svg><\/span> <span class=\"h-divider__line style-487-line style-local-2811-c49-line style-487-line style-local-2811-c49-line\"><\/span><\/div>\n                <div data-colibri-id=\"2811-c72\" class=\"h-text h-text-component style-511 style-local-2811-c72 position-relative h-element\">\n                  <!---->\n                  <!---->\n                  <div class=\"\">\n                    <p>Anlagen Meister unterst\u00fctzt Unternehmen dabei, die Produktivit\u00e4t Ihrer Anlagen zu steigern &amp; Prozess effizienter zu gestalten<\/p>\n                  <\/div>\n                <\/div>\n                <div data-colibri-id=\"2811-c47\" class=\"style-484 style-local-2811-c47 position-relative h-element\">\n                  <!---->\n                <\/div>\n                <div data-colibri-id=\"2811-c5\" class=\"h-icon style-276 style-local-2811-c5 position-relative h-element\">\n                  <!----><span class=\"h-svg-icon h-icon__icon style-276-icon style-local-2811-c5-icon\"><!--Icon by Font Awesome (https:\/\/fontawesome.com)-->\n    <svg version=\"1.1\" xmlns=\"http:\/\/www.w3.org\/2000\/svg\" xmlns:xlink=\"http:\/\/www.w3.org\/1999\/xlink\" id=\"road\" viewBox=\"0 0 1920 1896.0833\">\n      <path d=\"M1111 996v-4l-24-320q-1-13-11-22.5t-23-9.5H867q-13 0-23 9.5T833 672l-24 320v4q-1 12 8 20t21 8h244q12 0 21-8t8-20zm759 467q0 73-46 73h-704q13 0 22-9.5t8-22.5l-20-256q-1-13-11-22.5t-23-9.5H824q-13 0-23 9.5t-11 22.5l-20 256q-1 13 8 22.5t22 9.5H96q-46 0-46-73 0-54 26-116L493 303q8-19 26-33t38-14h339q-13 0-23 9.5T862 288l-15 192q-1 14 8 23t22 9h166q13 0 22-9t8-23l-15-192q-1-13-11-22.5t-23-9.5h339q20 0 38 14t26 33l417 1044q26 62 26 116z\"><\/path>\n    <\/svg><\/span><\/div>\n                <div data-colibri-id=\"2811-c6\" class=\"h-global-transition-all h-heading style-277 style-local-2811-c6 position-relative h-element\">\n                  <!---->\n                  <div class=\"h-heading__outer style-277 style-local-2811-c6\">\n                    <!---->\n                    <!---->\n                    <h5 class=\"\">OEE-Analyse<\/h5>\n                  <\/div>\n                <\/div>\n                <div data-colibri-id=\"2811-c7\" class=\"h-text h-text-component style-278 style-local-2811-c7 position-relative h-element\">\n                  <!---->\n                  <!---->\n                  <div class=\"\">\n                    <p>Optimieren Sie die Anlagenverf\u00fcgbarkeit, Leistung &amp; Qualit\u00e4t<\/p>\n                    <p>\n                      <br>\n                    <\/p>\n                  <\/div>\n                <\/div>\n              <\/div>\n            <\/div>\n          <\/div>\n          <div class=\"h-column h-column-container d-flex h-col-lg-6 h-col-md-6 h-col-12 style-275-outer style-local-2811-c8-outer\">\n            <div data-colibri-id=\"2811-c8\" class=\"d-flex h-flex-basis h-column__inner h-px-lg-2 h-px-md-3 h-px-2 v-inner-lg-0 v-inner-md-3 v-inner-2 style-275 style-local-2811-c8 position-relative\">\n              <!---->\n              <!---->\n              <div class=\"w-100 h-y-container h-column__content h-column__v-align flex-basis-100 align-self-lg-start align-self-md-start align-self-start\">\n                <!---->\n                <div data-colibri-id=\"2811-c46\" class=\"style-483 style-local-2811-c46 position-relative h-element\">\n                  <!---->\n                <\/div>\n                <div data-colibri-id=\"2811-c50\" class=\"h-divider style-489 style-local-2811-c50 position-relative h-element\">\n                  <!----><span class=\"h-divider__line style-489-line style-local-2811-c50-line style-489-line style-local-2811-c50-line\"><\/span> <span class=\"h-svg-icon h-divider__icon style-489-icon style-local-2811-c50-icon\"><!--Icon by Font Awesome (https:\/\/fontawesome.com)-->\n    <svg version=\"1.1\" xmlns=\"http:\/\/www.w3.org\/2000\/svg\" xmlns:xlink=\"http:\/\/www.w3.org\/1999\/xlink\" id=\"arrow-down\" viewBox=\"0 0 1664 1896.0833\">\n      <path d=\"M1611 832q0 53-37 90l-651 652q-39 37-91 37-53 0-90-37L91 922q-38-36-38-90 0-53 38-91l74-75q39-37 91-37 53 0 90 37l294 294V256q0-52 38-90t90-38h128q52 0 90 38t38 90v704l294-294q37-37 90-37 52 0 91 37l75 75q37 39 37 91z\"><\/path>\n    <\/svg><\/span> <span class=\"h-divider__line style-489-line style-local-2811-c50-line style-489-line style-local-2811-c50-line\"><\/span><\/div>\n                <div data-colibri-id=\"2811-c73\" class=\"h-text h-text-component style-512 style-local-2811-c73 position-relative h-element\">\n                  <!---->\n                  <!---->\n                  <div class=\"\">\n                    <p>Mit unserem professionellen Tool erhalten Sie transparente OEE-Daten, Lean Management Insights &amp; praxisnahe Handlungsempfehlungen f\u00fcr Ihre Instandhaltung<\/p>\n                  <\/div>\n                <\/div>\n                <div data-colibri-id=\"2811-c48\" class=\"style-485 style-local-2811-c48 position-relative h-element\">\n                  <!---->\n                <\/div>\n                <div data-colibri-id=\"2811-c9\" class=\"h-icon style-276 style-local-2811-c9 position-relative h-element\">\n                  <!----><span class=\"h-svg-icon h-icon__icon style-276-icon style-local-2811-c9-icon\"><!--Icon by Icons8 Line Awesome (https:\/\/icons8.com\/line-awesome)--><svg version=\"1.1\" xmlns=\"http:\/\/www.w3.org\/2000\/svg\" xmlns:xlink=\"http:\/\/www.w3.org\/1999\/xlink\" id=\"gears\" viewBox=\"0 0 512 545.5\"><path d=\"M344 72h32v22.5c13.256 2.334 25.375 7.58 36 15l15-15 22.5 22.5-15 15c7.42 10.625 12.666 22.744 15 36H472v32h-22.5c-2.357 13.388-7.46 25.802-15 36.5L450 253l-23.5 22-15-16c-10.494 7.212-22.48 12.208-35.5 14.5V296h-32v-22.5c-13.256-2.334-25.375-7.58-36-15l-16.5 17-23-23 17-16.5c-7.42-10.625-12.666-22.744-15-36H248v-32h22.5c2.292-13.02 7.288-25.006 14.5-35.5l-16-15L291 94l16.5 15.5c10.698-7.54 23.112-12.643 36.5-15V72zm16 53c-32.885 0-59 26.115-59 59s26.115 59 59 59 59-26.115 59-59-26.115-59-59-59zm-207.5 94.5l11.5 29c8.477-2.118 17.388-3.5 26.5-3.5 9.13 0 18.015 1.362 26.5 3.5l11.5-29 29.5 12-11.5 29c15.108 9.133 27.874 21.944 37 37l29-11.5 12 29.5-29 11.5c2.118 8.458 3.5 17.388 3.5 26.5s-1.382 18.023-3.5 26.5l29 11.5-12 29.5-29-11.5c-9.107 15.23-21.88 28.264-37 37.5l11.5 28.5-29.5 12L217 459c-8.458 2.138-17.388 3.5-26.5 3.5-9.166 0-17.972-1.345-26.5-3.5l-11.5 28.5-29.5-12 11.5-28.5c-15.37-9.23-28.246-22.145-37.5-37.5L68.5 421l-12-29.5L85 380c-2.138-8.477-3.5-17.388-3.5-26.5s1.362-18.042 3.5-26.5l-28.5-11.5 12-29.5L97 297.5c9.236-15.12 22.27-27.893 37.5-37l-11.5-29zm38 57.5c-42.605 0-77 33.895-77 76.5s34.395 77 77 77 76.5-34.395 76.5-77-33.895-76.5-76.5-76.5z\"><\/path><\/svg><\/span><\/div>\n                <div\n                  data-colibri-id=\"2811-c10\" class=\"h-global-transition-all h-heading style-277 style-local-2811-c10 position-relative h-element\">\n                  <!---->\n                  <div class=\"h-heading__outer style-277 style-local-2811-c10\">\n                    <!---->\n                    <!---->\n                    <h5 class=\"\">Lean management integration<\/h5>\n                  <\/div>\n              <\/div>\n              <div data-colibri-id=\"2811-c11\" class=\"h-text h-text-component style-278 style-local-2811-c11 position-relative h-element\">\n                <!---->\n                <!---->\n                <div class=\"\">\n                  <p>Identifizieren Sie Verschwendungen &amp; verbessern Sie kontinuierlich Ihre Prozesse<\/p>\n                  <p>\n                    <br>\n                  <\/p>\n                <\/div>\n              <\/div>\n            <\/div>\n          <\/div>\n        <\/div>\n        <div class=\"h-column h-column-container d-flex h-col-lg-6 h-col-md-6 h-col-12 style-275-outer style-local-2811-c12-outer\">\n          <div data-colibri-id=\"2811-c12\" class=\"d-flex h-flex-basis h-column__inner h-px-lg-2 h-px-md-3 h-px-2 v-inner-lg-0 v-inner-md-3 v-inner-2 style-275 style-local-2811-c12 position-relative\">\n            <!---->\n            <!---->\n            <div class=\"w-100 h-y-container h-column__content h-column__v-align flex-basis-100 align-self-lg-start align-self-md-start align-self-start\">\n              <!---->\n              <div data-colibri-id=\"2811-c13\" class=\"h-icon style-276 style-local-2811-c13 position-relative h-element\">\n                <!----><span class=\"h-svg-icon h-icon__icon style-276-icon style-local-2811-c13-icon\"><!--Icon by Icons8 Line Awesome (https:\/\/icons8.com\/line-awesome)--><svg version=\"1.1\" xmlns=\"http:\/\/www.w3.org\/2000\/svg\" xmlns:xlink=\"http:\/\/www.w3.org\/1999\/xlink\" id=\"magic\" viewBox=\"0 0 512 545.5\"><path d=\"M334 73l11.5 11.5 29 29h56v56l29 29L471 210l-12 11-28.5 27v57.5h-56l-29 27.5-11.5 11-11-11-24-24-187 186.5-11 11.5-11.5-11.5-41-41-11.5-11L48.5 432 235 245l-24-24-11-11 11-11.5 27.5-29v-56H296L323 85zm.5 46L314 140.5l-4.5 5h-39v37L266 187l-21.5 22.5L258 223l61-61.5 11.5-11 11 11 41 41L394 214l-11.5 11.5-61 61 13 13L357 278l4.5-4.5h37v-39l5-4.5 21.5-20.5-22-22-4.5-5v-37h-37l-5-4.5zm-4 76.5l-248 248L101 462l247.5-248zM304 368h32v16h16v32h-16v16h-32v-16h-16v-32h16v-16zm96 32h32v32h32v32h-32v32h-32v-32h-32v-32h32v-32z\"><\/path><\/svg><\/span><\/div>\n              <div\n                data-colibri-id=\"2811-c14\" class=\"h-global-transition-all h-heading style-277 style-local-2811-c14 position-relative h-element\">\n                <!---->\n                <div class=\"h-heading__outer style-277 style-local-2811-c14\">\n                  <!---->\n                  <!---->\n                  <h5 class=\"\">Einfache bedienung<\/h5>\n                <\/div>\n            <\/div>\n            <div data-colibri-id=\"2811-c15\" class=\"h-text h-text-component style-278 style-local-2811-c15 position-relative h-element\">\n              <!---->\n              <!---->\n              <div class=\"\">\n                <p>Intuitive Oberfl\u00e4che f\u00fcr operative Teams &amp; Management<\/p>\n              <\/div>\n            <\/div>\n          <\/div>\n        <\/div>\n      <\/div>\n      <div class=\"h-column h-column-container d-flex h-col-lg-6 h-col-md-6 h-col-12 style-275-outer style-local-2811-c16-outer\">\n        <div data-colibri-id=\"2811-c16\" class=\"d-flex h-flex-basis h-column__inner h-px-lg-2 h-px-md-3 h-px-2 v-inner-lg-0 v-inner-md-3 v-inner-2 style-275 style-local-2811-c16 position-relative\">\n          <!---->\n          <!---->\n          <div class=\"w-100 h-y-container h-column__content h-column__v-align flex-basis-100 align-self-lg-start align-self-md-start align-self-start\">\n            <!---->\n            <div data-colibri-id=\"2811-c17\" class=\"h-icon style-276 style-local-2811-c17 position-relative h-element\">\n              <!----><span class=\"h-svg-icon h-icon__icon style-276-icon style-local-2811-c17-icon\"><!--Icon by Icons8 Line Awesome (https:\/\/icons8.com\/line-awesome)--><svg version=\"1.1\" xmlns=\"http:\/\/www.w3.org\/2000\/svg\" xmlns:xlink=\"http:\/\/www.w3.org\/1999\/xlink\" id=\"clone\" viewBox=\"0 0 512 545.5\"><path d=\"M80 112h272v64h-32v-32H112v208h32v32H80V112zm80 80h272v272H160V192zm32 32v208h208V224H192z\"><\/path><\/svg><\/span><\/div>\n            <div\n              data-colibri-id=\"2811-c18\" class=\"h-global-transition-all h-heading style-277 style-local-2811-c18 position-relative h-element\">\n              <!---->\n              <div class=\"h-heading__outer style-277 style-local-2811-c18\">\n                <!---->\n                <!---->\n                <h5 class=\"\">Reporting &amp; insights<\/h5>\n              <\/div>\n          <\/div>\n          <div data-colibri-id=\"2811-c19\" class=\"h-text h-text-component style-278 style-local-2811-c19 position-relative h-element\">\n            <!---->\n            <!---->\n            <div class=\"\">\n              <p>Dashboard mit klaren Kennzahlen f\u00fcr schnelle Entscheidungen<\/p>\n              <p>\n                <br>\n              <\/p>\n            <\/div>\n          <\/div>\n        <\/div>\n      <\/div>\n    <\/div>\n  <\/div>\n<\/div>\n<\/div>\n<\/div>\n<div data-colibri-component=\"section\" data-colibri-id=\"2811-c24\" id=\"cta\" class=\"h-section h-section-global-spacing d-flex align-items-lg-center align-items-md-center align-items-center style-317 style-local-2811-c24 position-relative\">\n  <!---->\n  <!---->\n  <div class=\"h-section-grid-container h-section-boxed-container\">\n    <!---->\n    <div data-colibri-id=\"2811-c25\" class=\"h-row-container gutters-row-lg-2 gutters-row-md-2 gutters-row-0 gutters-row-v-lg-2 gutters-row-v-md-2 gutters-row-v-2 style-318 style-local-2811-c25 position-relative\">\n      <!---->\n      <div class=\"h-row justify-content-lg-center justify-content-md-center justify-content-center align-items-lg-stretch align-items-md-stretch align-items-stretch gutters-col-lg-2 gutters-col-md-2 gutters-col-0 gutters-col-v-lg-2 gutters-col-v-md-2 gutters-col-v-2\">\n        <!---->\n        <div class=\"h-column h-column-container d-flex h-col-lg h-col-md h-col-auto style-319-outer style-local-2811-c26-outer\">\n          <div data-colibri-id=\"2811-c26\" class=\"d-flex h-flex-basis h-column__inner h-px-lg-0 h-px-md-0 h-px-2 v-inner-lg-0 v-inner-md-0 v-inner-2 style-319 style-local-2811-c26 position-relative\">\n            <!---->\n            <!---->\n            <div class=\"w-100 h-y-container h-column__content h-column__v-align flex-basis-100 align-self-lg-center align-self-md-center align-self-center\">\n              <!---->\n              <div data-colibri-id=\"2811-c27\" class=\"h-global-transition-all h-heading style-320 style-local-2811-c27 position-relative h-element\">\n                <!---->\n                <div class=\"h-heading__outer style-320 style-local-2811-c27\">\n                  <!---->\n                  <!---->\n                  <h2 class=\"\">Join us! Try our 30-minute trial version<\/h2>\n                <\/div>\n              <\/div>\n            <\/div>\n          <\/div>\n        <\/div>\n        <div class=\"h-column h-column-container d-flex h-col-lg-auto h-col-md-auto h-col-auto style-321-outer style-local-2811-c28-outer\">\n          <div data-colibri-id=\"2811-c28\" class=\"d-flex h-flex-basis h-column__inner h-px-lg-0 h-px-md-0 h-px-2 v-inner-lg-0 v-inner-md-0 v-inner-2 style-321 style-local-2811-c28 position-relative\">\n            <!---->\n            <!---->\n            <div class=\"w-100 h-y-container h-column__content h-column__v-align flex-basis-auto align-self-lg-center align-self-md-center align-self-center\">\n              <!---->\n              <div data-colibri-id=\"2811-c29\" class=\"h-x-container style-322 style-local-2811-c29 position-relative h-element\">\n                <!---->\n                <div class=\"h-x-container-inner style-dynamic-2811-c29-group style-322-spacing style-local-2811-c29-spacing\"><span class=\"h-button__outer style-323-outer style-local-2811-c30-outer d-inline-flex h-element\"><a h-use-smooth-scroll=\"true\" href=\"https:\/\/anlagenmeister.online\/\" target=\"_blank\" data-colibri-id=\"2811-c30\" class=\"d-flex w-100 align-items-center h-button justify-content-lg-center justify-content-md-center justify-content-center style-323 style-local-2811-c30 position-relative\" rel=\"noopener\"><!----><!----> <span>Jetzt zu AnlagenMeister.online<\/span><\/a>\n                  <\/span>\n                <\/div>\n              <\/div>\n            <\/div>\n          <\/div>\n        <\/div>\n      <\/div>\n    <\/div>\n  <\/div>\n<\/div>\n<div data-colibri-component=\"section\" data-colibri-id=\"2811-c55\" id=\"about\" class=\"h-section h-section-global-spacing d-flex align-items-lg-center align-items-md-center align-items-center style-494 style-local-2811-c55 position-relative\">\n  <!---->\n  <!---->\n  <div class=\"h-section-grid-container h-section-boxed-container\">\n    <div data-colibri-id=\"2811-c60\" class=\"h-row-container gutters-row-lg-2 gutters-row-md-2 gutters-row-2 gutters-row-v-lg-2 gutters-row-v-md-2 gutters-row-v-2 style-499 style-local-2811-c60 position-relative\">\n      <!---->\n      <div class=\"h-row justify-content-lg-center justify-content-md-center justify-content-center align-items-lg-stretch align-items-md-stretch align-items-stretch gutters-col-lg-2 gutters-col-md-2 gutters-col-2 gutters-col-v-lg-2 gutters-col-v-md-2 gutters-col-v-2\">\n        <!---->\n        <div class=\"h-column h-column-container d-flex h-col-lg-auto h-col-md-auto h-col-auto style-500-outer style-local-2811-c61-outer\">\n          <div data-colibri-id=\"2811-c61\" class=\"d-flex h-flex-basis h-column__inner h-px-lg-2 h-px-md-2 h-px-2 v-inner-lg-2 v-inner-md-2 v-inner-2 style-500 style-local-2811-c61 position-relative\">\n            <!---->\n            <!---->\n            <div class=\"w-100 h-y-container h-column__content h-column__v-align flex-basis-100 align-self-lg-start align-self-md-start align-self-start\">\n              <!---->\n              <div data-colibri-id=\"2811-c62\" class=\"h-global-transition-all h-heading style-501 style-local-2811-c62 position-relative h-element\">\n                <!---->\n                <div class=\"h-heading__outer style-501 style-local-2811-c62\">\n                  <!---->\n                  <!---->\n                  <h5 class=\"\">Anlagen Meister &#8211; Effizienz &amp; Instandhaltung im Blick<\/h5>\n                <\/div>\n              <\/div>\n              <div data-colibri-id=\"2811-c63\" class=\"h-global-transition-all h-heading style-502 style-local-2811-c63 position-relative h-element\">\n                <!---->\n                <div class=\"h-heading__outer style-502 style-local-2811-c63\">\n                  <!---->\n                  <!---->\n                  <h2 class=\"\">Optimieren Sie Ihre Produktionsanlagen mit unserem praxisorientierten Tool f\u00fcr OEE, Lean Management &amp; Anlagenmanagement<\/h2>\n                <\/div>\n              <\/div>\n              <div data-colibri-id=\"2811-c65\" class=\"h-x-container style-504 style-local-2811-c65 position-relative h-element\">\n                <!---->\n                <div class=\"h-x-container-inner style-dynamic-2811-c65-group style-504-spacing style-local-2811-c65-spacing\"><span class=\"h-button__outer style-505-outer style-local-2811-c66-outer d-inline-flex h-element\"><a h-use-smooth-scroll=\"true\" href=\"https:\/\/anlagenmeister.online\/\" target=\"_blank\" data-colibri-id=\"2811-c66\" class=\"d-flex w-100 align-items-center h-button justify-content-lg-center justify-content-md-center justify-content-center style-505 style-local-2811-c66 position-relative\" rel=\"noopener\"><!----><!----> <span>Jetzt mehr erfahren<\/span><\/a>\n                  <\/span><span class=\"h-button__outer style-513-outer style-local-2811-c74-outer d-inline-flex h-element\"><a h-use-smooth-scroll=\"true\" href=\"mailto: hello@anlagenmeister.online\" target=\"_blank\"  data-colibri-id=\"2811-c74\" class=\"d-flex w-100 align-items-center h-button justify-content-lg-center justify-content-md-center justify-content-center style-513 style-local-2811-c74 position-relative\"><!----><!----> <span>Direkte Anfrage<\/span><\/a>\n                  <\/span>\n                <\/div>\n              <\/div>\n            <\/div>\n          <\/div>\n        <\/div>\n      <\/div>\n    <\/div>\n    <div data-colibri-id=\"2811-c56\" class=\"h-row-container gutters-row-lg-0 gutters-row-md-0 gutters-row-0 gutters-row-v-lg-0 gutters-row-v-md-0 gutters-row-v-0 style-495 style-local-2811-c56 h-overflow-hidden position-relative\">\n      <!---->\n      <div class=\"h-row justify-content-lg-center justify-content-md-center justify-content-center align-items-lg-end align-items-md-end align-items-end gutters-col-lg-0 gutters-col-md-0 gutters-col-0 gutters-col-v-lg-0 gutters-col-v-md-0 gutters-col-v-0\">\n        <!---->\n        <div class=\"h-column h-column-container d-flex h-col-lg-auto h-col-md-auto h-col-auto align-self-lg-end align-self-md-end align-self-end style-496-outer style-local-2811-c57-outer\">\n          <div data-colibri-id=\"2811-c57\" class=\"d-flex h-flex-basis h-column__inner h-ui-empty-state-container h-px-lg-0 h-px-md-0 h-px-0 v-inner-lg-0 v-inner-md-0 v-inner-0 style-496 style-local-2811-c57 position-relative\">\n            <!---->\n            <!---->\n            <div class=\"w-100 h-y-container h-column__content h-column__v-align flex-basis-100\">\n              <!---->\n            <\/div>\n          <\/div>\n        <\/div>\n        <div class=\"h-column h-column-container d-flex h-col-lg-auto h-col-md-auto h-col-auto align-self-lg-end align-self-md-end align-self-end style-497-outer style-local-2811-c58-outer\">\n          <div data-colibri-id=\"2811-c58\" class=\"d-flex h-flex-basis h-column__inner h-ui-empty-state-container h-px-lg-0 h-px-md-0 h-px-0 v-inner-lg-0 v-inner-md-0 v-inner-0 style-497 style-local-2811-c58 position-relative\">\n            <!---->\n            <!---->\n            <div class=\"w-100 h-y-container h-column__content h-column__v-align flex-basis-100\">\n              <!---->\n            <\/div>\n          <\/div>\n        <\/div>\n        <div class=\"h-column h-column-container d-flex h-col-lg-auto h-col-md-auto h-col-auto align-self-lg-end align-self-md-end align-self-end style-498-outer style-local-2811-c59-outer\">\n          <div data-colibri-id=\"2811-c59\" class=\"d-flex h-flex-basis h-column__inner h-ui-empty-state-container h-px-lg-0 h-px-md-0 h-px-0 v-inner-lg-0 v-inner-md-0 v-inner-0 style-498 style-local-2811-c59 position-relative\">\n            <!---->\n            <!---->\n            <div class=\"w-100 h-y-container h-column__content h-column__v-align flex-basis-100\">\n              <!---->\n            <\/div>\n          <\/div>\n        <\/div>\n      <\/div>\n    <\/div>\n  <\/div>\n<\/div>\n<\/div>","protected":false},"excerpt":{"rendered":"<p>Anlagen Meister unterst\u00fctzt Unternehmen dabei, die Produktivit\u00e4t Ihrer Anlagen zu steigern &amp; Prozess effizienter zu gestalten OEE-Analyse Optimieren Sie die Anlagenverf\u00fcgbarkeit, Leistung &amp; Qualit\u00e4t Mit unserem professionellen Tool erhalten Sie transparente OEE-Daten, Lean Management Insights &amp; praxisnahe Handlungsempfehlungen f\u00fcr Ihre Instandhaltung Lean management integration Identifizieren Sie Verschwendungen &amp; verbessern Sie kontinuierlich Ihre Prozesse Einfache bedienung [&hellip;]<\/p>\n","protected":false},"author":2,"featured_media":0,"parent":0,"menu_order":0,"comment_status":"closed","ping_status":"closed","template":"page-templates\/full-width-page.php","meta":{"content-type":"","footnotes":""},"class_list":["post-2811","page","type-page","status-publish","hentry"],"_links":{"self":[{"href":"https:\/\/ap-lean.ch\/index.php?rest_route=\/wp\/v2\/pages\/2811","targetHints":{"allow":["GET"]}}],"collection":[{"href":"https:\/\/ap-lean.ch\/index.php?rest_route=\/wp\/v2\/pages"}],"about":[{"href":"https:\/\/ap-lean.ch\/index.php?rest_route=\/wp\/v2\/types\/page"}],"author":[{"embeddable":true,"href":"https:\/\/ap-lean.ch\/index.php?rest_route=\/wp\/v2\/users\/2"}],"replies":[{"embeddable":true,"href":"https:\/\/ap-lean.ch\/index.php?rest_route=%2Fwp%2Fv2%2Fcomments&post=2811"}],"version-history":[{"count":20,"href":"https:\/\/ap-lean.ch\/index.php?rest_route=\/wp\/v2\/pages\/2811\/revisions"}],"predecessor-version":[{"id":3080,"href":"https:\/\/ap-lean.ch\/index.php?rest_route=\/wp\/v2\/pages\/2811\/revisions\/3080"}],"wp:attachment":[{"href":"https:\/\/ap-lean.ch\/index.php?rest_route=%2Fwp%2Fv2%2Fmedia&parent=2811"}],"curies":[{"name":"wp","href":"https:\/\/api.w.org\/{rel}","templated":true}]}}