{"id":1818,"date":"2022-10-26T15:34:13","date_gmt":"2022-10-26T15:34:13","guid":{"rendered":"https:\/\/ap-lean.ch\/?page_id=1818"},"modified":"2022-10-26T15:51:48","modified_gmt":"2022-10-26T15:51:48","slug":"buerokonzept","status":"publish","type":"page","link":"https:\/\/ap-lean.ch\/?page_id=1818","title":{"rendered":"B\u00fcrokonzept"},"content":{"rendered":"\t\t<div data-elementor-type=\"wp-page\" data-elementor-id=\"1818\" class=\"elementor elementor-1818\">\n\t\t\t\t\t\t<section class=\"elementor-section elementor-top-section elementor-element elementor-element-2357fa8c elementor-section-boxed elementor-section-height-default elementor-section-height-default\" data-id=\"2357fa8c\" data-element_type=\"section\" data-e-type=\"section\">\n\t\t\t\t\t\t<div class=\"elementor-container elementor-column-gap-default\">\n\t\t\t\t\t<div class=\"elementor-column elementor-col-100 elementor-top-column elementor-element elementor-element-716db62f\" data-id=\"716db62f\" data-element_type=\"column\" data-e-type=\"column\">\n\t\t\t<div class=\"elementor-widget-wrap elementor-element-populated\">\n\t\t\t\t\t\t<div class=\"elementor-element elementor-element-43cf920 elementor-widget elementor-widget-text-editor\" data-id=\"43cf920\" data-element_type=\"widget\" data-e-type=\"widget\" data-widget_type=\"text-editor.default\">\n\t\t\t\t<div class=\"elementor-widget-container\">\n\t\t\t\t\t\t\t\t\t\n<h3><strong>Der Standard im B\u00fcro<\/strong><\/h3>\n<p>\u00a0<\/p>\n<p><span style=\"color: #00ccff;\"><strong><em>Die gesamte Produktion \/ Fertigung, wird auf Lean ausgelegt &#8230; <\/em><\/strong><\/span><\/p>\n<p><em>Da nicht nur die <strong>maschinellen<\/strong> <strong>Prozesse<\/strong> wichtig sind, sollten auch die <strong>vorgelagerten Prozesse<\/strong> analysiert, bewertet &amp; verbessert werden. Die <strong>Organisation<\/strong>, <strong>Kommunikation<\/strong>, wie auch einen fl\u00e4chendeckenden <strong>Standard<\/strong> am B\u00fcroplatz, ist ebenso wichtig f\u00fcr den innerbetrieblichen Ablauf &amp; wird doch immer wieder vergessen.<\/em><\/p>\n<p><em><\/em><\/p>\n<p><em><span style=\"color: #000000;\">F\u00fcr dieses Problem, gibt es nat\u00fcrlich eine tolle L\u00f6sung<\/span> &#8230;<\/em><\/p>\n<p><em><\/em><\/p>\n<p><em>Unsere <span style=\"color: #00ccff;\"><strong>B\u00fcrokonzepte<\/strong><\/span> von AP-Lean, helfen Ihnen bei einer effizienten <strong>Arbeitsplatzgestaltung<\/strong> &amp; <strong>Standardisierung<\/strong>.\u00a0 \u00a0<\/em><\/p>\n<p><em>Ganz nach dem Motto: <strong>&#8222;Was nicht gebraucht wird, kommt weg&#8220;<\/strong>. <\/em><em>Unser Alltagshelfer, die 6S-Methode, eignet sich auch hierf\u00fcr perfekt.<\/em><\/p>\n<p><em><\/em><\/p>\n<p><em>Unsere <span style=\"color: #00ccff;\"><strong>B\u00fcrokonzepte<\/strong><\/span> bieten wir nicht nur in <strong>&#8222;normalen&#8220;<\/strong> B\u00fcro`s an, sondern auch in <strong>Reinr\u00e4umen<\/strong>, bei denen die Anforderungen sehr individuell &amp; spezialisiert sind. Unsere Experten kennen sich damit bestens aus &amp; zeigen Ihnen gerne auf, worauf es dabei ankommt.<\/em><\/p>\n\t\t\t\t\t\t\t\t<\/div>\n\t\t\t\t<\/div>\n\t\t\t\t\t<\/div>\n\t\t<\/div>\n\t\t\t\t\t<\/div>\n\t\t<\/section>\n\t\t\t\t<section class=\"elementor-section elementor-top-section elementor-element elementor-element-b95d6bf elementor-section-boxed elementor-section-height-default elementor-section-height-default\" data-id=\"b95d6bf\" data-element_type=\"section\" data-e-type=\"section\">\n\t\t\t\t\t\t<div class=\"elementor-container elementor-column-gap-default\">\n\t\t\t\t\t<div class=\"elementor-column elementor-col-100 elementor-top-column elementor-element elementor-element-823829e\" data-id=\"823829e\" data-element_type=\"column\" data-e-type=\"column\">\n\t\t\t<div class=\"elementor-widget-wrap elementor-element-populated\">\n\t\t\t\t\t\t<div class=\"elementor-element elementor-element-2650a8c elementor-invisible elementor-widget elementor-widget-image\" data-id=\"2650a8c\" data-element_type=\"widget\" data-e-type=\"widget\" data-settings=\"{&quot;_animation&quot;:&quot;fadeIn&quot;}\" data-widget_type=\"image.default\">\n\t\t\t\t<div class=\"elementor-widget-container\">\n\t\t\t\t\t\t\t\t\t\t\t\t\t\t\t<img fetchpriority=\"high\" decoding=\"async\" width=\"1080\" height=\"1080\" src=\"https:\/\/ap-lean.ch\/wp-content\/uploads\/2022\/10\/6352f409562b2676fb8543c3.jpeg\" class=\"attachment-full size-full wp-image-1829\" alt=\"\" srcset=\"https:\/\/ap-lean.ch\/wp-content\/uploads\/2022\/10\/6352f409562b2676fb8543c3.jpeg 1080w, https:\/\/ap-lean.ch\/wp-content\/uploads\/2022\/10\/6352f409562b2676fb8543c3-300x300.jpeg 300w, https:\/\/ap-lean.ch\/wp-content\/uploads\/2022\/10\/6352f409562b2676fb8543c3-1024x1024.jpeg 1024w, https:\/\/ap-lean.ch\/wp-content\/uploads\/2022\/10\/6352f409562b2676fb8543c3-150x150.jpeg 150w, https:\/\/ap-lean.ch\/wp-content\/uploads\/2022\/10\/6352f409562b2676fb8543c3-768x768.jpeg 768w\" sizes=\"(max-width: 1080px) 100vw, 1080px\">\t\t\t\t\t\t\t\t\t\t\t\t\t\t\t<\/div>\n\t\t\t\t<\/div>\n\t\t\t\t\t<\/div>\n\t\t<\/div>\n\t\t\t\t\t<\/div>\n\t\t<\/section>\n\t\t\t\t<section class=\"elementor-section elementor-top-section elementor-element elementor-element-59fdc87 elementor-section-boxed elementor-section-height-default elementor-section-height-default\" data-id=\"59fdc87\" data-element_type=\"section\" data-e-type=\"section\">\n\t\t\t\t\t\t<div class=\"elementor-container elementor-column-gap-default\">\n\t\t\t\t\t<div class=\"elementor-column elementor-col-100 elementor-top-column elementor-element elementor-element-bdc1a69\" data-id=\"bdc1a69\" data-element_type=\"column\" data-e-type=\"column\">\n\t\t\t<div class=\"elementor-widget-wrap elementor-element-populated\">\n\t\t\t\t\t\t<div class=\"elementor-element elementor-element-07a864a elementor-widget elementor-widget-text-editor\" data-id=\"07a864a\" data-element_type=\"widget\" data-e-type=\"widget\" data-widget_type=\"text-editor.default\">\n\t\t\t\t<div class=\"elementor-widget-container\">\n\t\t\t\t\t\t\t\t\t<p>\u00a0<\/p>\n<p style=\"text-align: center;\"><span style=\"color: #00ccff;\"><em>Interesse an unserem <strong>B\u00fcrokonzept<\/strong>? Nimm einfach Kontakt mit uns auf, unter folgendem Button \u2026<\/em><\/span><\/p>\t\t\t\t\t\t\t\t<\/div>\n\t\t\t\t<\/div>\n\t\t\t\t\t<\/div>\n\t\t<\/div>\n\t\t\t\t\t<\/div>\n\t\t<\/section>\n\t\t\t\t<section class=\"elementor-section elementor-top-section elementor-element elementor-element-15d43d5 elementor-section-boxed elementor-section-height-default elementor-section-height-default\" data-id=\"15d43d5\" data-element_type=\"section\" data-e-type=\"section\">\n\t\t\t\t\t\t<div class=\"elementor-container elementor-column-gap-default\">\n\t\t\t\t\t<div class=\"elementor-column elementor-col-100 elementor-top-column elementor-element elementor-element-7fd8435\" data-id=\"7fd8435\" data-element_type=\"column\" data-e-type=\"column\">\n\t\t\t<div class=\"elementor-widget-wrap elementor-element-populated\">\n\t\t\t\t\t\t<div class=\"elementor-element elementor-element-2052a27 elementor-align-center elementor-invisible elementor-widget elementor-widget-button\" data-id=\"2052a27\" data-element_type=\"widget\" data-e-type=\"widget\" data-settings=\"{&quot;_animation&quot;:&quot;pulse&quot;}\" data-widget_type=\"button.default\">\n\t\t\t\t<div class=\"elementor-widget-container\">\n\t\t\t\t\t\t\t\t\t<div class=\"elementor-button-wrapper\">\n\t\t\t\t\t<a class=\"elementor-button elementor-button-link elementor-size-sm\" href=\"mailto:hello@ap-lean.ch?subject=B\u00fcrokonzept\">\n\t\t\t\t\t\t<span class=\"elementor-button-content-wrapper\">\n\t\t\t\t\t\t<span class=\"elementor-button-icon\">\n\t\t\t\t<i aria-hidden=\"true\" class=\"far fa-envelope\"><\/i>\t\t\t<\/span>\n\t\t\t\t\t\t\t\t\t<span class=\"elementor-button-text\">B\u00fcrokonzept<\/span>\n\t\t\t\t\t<\/span>\n\t\t\t\t\t<\/a>\n\t\t\t\t<\/div>\n\t\t\t\t\t\t\t\t<\/div>\n\t\t\t\t<\/div>\n\t\t\t\t\t<\/div>\n\t\t<\/div>\n\t\t\t\t\t<\/div>\n\t\t<\/section>\n\t\t\t\t<\/div>\n\t\t","protected":false},"excerpt":{"rendered":"<p>Der Standard im B\u00fcro \u00a0 Die gesamte Produktion \/ Fertigung, wird auf Lean ausgelegt &#8230; Da nicht nur die maschinellen Prozesse wichtig sind, sollten auch die vorgelagerten Prozesse analysiert, bewertet &amp; verbessert werden. Die Organisation, Kommunikation, wie auch einen fl\u00e4chendeckenden Standard am B\u00fcroplatz, ist ebenso wichtig f\u00fcr den innerbetrieblichen Ablauf &amp; wird doch immer wieder [&hellip;]<\/p>\n","protected":false},"author":2,"featured_media":0,"parent":0,"menu_order":0,"comment_status":"closed","ping_status":"closed","template":"","meta":{"content-type":"","footnotes":""},"class_list":["post-1818","page","type-page","status-publish","hentry"],"_links":{"self":[{"href":"https:\/\/ap-lean.ch\/index.php?rest_route=\/wp\/v2\/pages\/1818","targetHints":{"allow":["GET"]}}],"collection":[{"href":"https:\/\/ap-lean.ch\/index.php?rest_route=\/wp\/v2\/pages"}],"about":[{"href":"https:\/\/ap-lean.ch\/index.php?rest_route=\/wp\/v2\/types\/page"}],"author":[{"embeddable":true,"href":"https:\/\/ap-lean.ch\/index.php?rest_route=\/wp\/v2\/users\/2"}],"replies":[{"embeddable":true,"href":"https:\/\/ap-lean.ch\/index.php?rest_route=%2Fwp%2Fv2%2Fcomments&post=1818"}],"version-history":[{"count":0,"href":"https:\/\/ap-lean.ch\/index.php?rest_route=\/wp\/v2\/pages\/1818\/revisions"}],"wp:attachment":[{"href":"https:\/\/ap-lean.ch\/index.php?rest_route=%2Fwp%2Fv2%2Fmedia&parent=1818"}],"curies":[{"name":"wp","href":"https:\/\/api.w.org\/{rel}","templated":true}]}}