{"id":1677,"date":"2022-10-21T13:27:24","date_gmt":"2022-10-21T13:27:24","guid":{"rendered":"https:\/\/ap-lean.ch\/?page_id=1677"},"modified":"2022-10-26T15:53:24","modified_gmt":"2022-10-26T15:53:24","slug":"lean-manufacturing","status":"publish","type":"page","link":"https:\/\/ap-lean.ch\/?page_id=1677","title":{"rendered":"Lean Manu-facturing"},"content":{"rendered":"\t\t<div data-elementor-type=\"wp-page\" data-elementor-id=\"1677\" class=\"elementor elementor-1677\">\n\t\t\t\t\t\t<section class=\"elementor-section elementor-top-section elementor-element elementor-element-6c0e903a elementor-section-boxed elementor-section-height-default elementor-section-height-default\" data-id=\"6c0e903a\" data-element_type=\"section\" data-e-type=\"section\">\n\t\t\t\t\t\t<div class=\"elementor-container elementor-column-gap-default\">\n\t\t\t\t\t<div class=\"elementor-column elementor-col-100 elementor-top-column elementor-element elementor-element-4665ed7a\" data-id=\"4665ed7a\" data-element_type=\"column\" data-e-type=\"column\">\n\t\t\t<div class=\"elementor-widget-wrap elementor-element-populated\">\n\t\t\t\t\t\t<div class=\"elementor-element elementor-element-94139cd elementor-widget elementor-widget-text-editor\" data-id=\"94139cd\" data-element_type=\"widget\" data-e-type=\"widget\" data-settings=\"{&quot;_animation&quot;:&quot;none&quot;}\" data-widget_type=\"text-editor.default\">\n\t\t\t\t<div class=\"elementor-widget-container\">\n\t\t\t\t\t\t\t\t\t\n<h3><strong>Lean Manufacturing &amp; seine Methoden<\/strong><\/h3>\n<p>\u00a0<\/p>\n<p><span style=\"color: #000000;\"><em>Lean bedeutet nicht nur &#8222;schlank&#8220; zu werden, sondern umschreibt die <strong>Beseitigung von allen Verschwendungen<\/strong>. Lean erm\u00f6glicht die Produktion mit <span style=\"text-decoration: underline;\">geringen Losgr\u00f6ssen bei niedrigen Fixkosten<\/span>, um auch bei wechselnder Auftragslage <strong>wettbewerbsf\u00e4higer<\/strong> zu sein. Das Toyota Produktionssystem <strong>(TPS)<\/strong> dient als Paradebeispiel, welches sich erfolgreich einsetzen l\u00e4sst.<\/em><\/span><\/p>\n<p><span style=\"color: #000000;\"><em><\/em><\/span><\/p>\n<p><span style=\"color: #000000;\"><em>Die Grundpfeiler von <span style=\"color: #00ccff;\"><strong>Lean Manufacturing<\/strong><\/span> basieren:<\/em><\/span><\/p>\n\n<ul class=\"wp-block-list\">\n<li>auf dem Prozessgedanken, dass der Wertstrom im Fokus steht<\/li>\n<li>dass die Prozesse vom Kunden aus betrachtet werden, das sog. Pull-Prinzip<\/li>\n<\/ul>\n\n<p><span style=\"color: #000000;\"><em>Das Prinzip ist einfach zu erkl\u00e4ren &#8230;<\/em><\/span><\/p>\n<p><span style=\"color: #000000;\"><em><\/em><\/span><\/p>\n<p><span style=\"color: #000000;\"><em>Stellen Sie sich ein Haus vor, dass grob betrachtet immer aus einem Fundament, St\u00fctzbalken, B\u00f6den &amp; einem Dach besteht. Wie auch die <span style=\"color: #00ccff;\"><strong>Lean Manufacturing <\/strong><\/span>Methode, kann diese nicht erfolgreich eingesetzt werden, wenn eines dieser &#8222;Bauelemente&#8220; fehlt oder nicht eingesetzt werden m\u00f6chte.<\/em><\/span><\/p>\n<p><em><span style=\"color: #000000;\">Zahlreiche <strong>Lean-Methoden<\/strong> bzw. <strong>Lean-Hilfsmittel<\/strong>, werden bei <strong><span style=\"color: #00ccff;\">Lean Manufacturing<\/span><\/strong> eingesetzt, u.a. die Wertstromanalyse, Kai`zen, 6S, &#8230;<\/span><\/em><\/p>\n<p><span style=\"color: #000000;\"><em><\/em><\/span><\/p>\n\t\t\t\t\t\t\t\t<\/div>\n\t\t\t\t<\/div>\n\t\t\t\t\t<\/div>\n\t\t<\/div>\n\t\t\t\t\t<\/div>\n\t\t<\/section>\n\t\t\t\t<section class=\"elementor-section elementor-top-section elementor-element elementor-element-be79c13 elementor-section-boxed elementor-section-height-default elementor-section-height-default\" data-id=\"be79c13\" data-element_type=\"section\" data-e-type=\"section\">\n\t\t\t\t\t\t<div class=\"elementor-container elementor-column-gap-default\">\n\t\t\t\t\t<div class=\"elementor-column elementor-col-100 elementor-top-column elementor-element elementor-element-7c0514f\" data-id=\"7c0514f\" data-element_type=\"column\" data-e-type=\"column\">\n\t\t\t<div class=\"elementor-widget-wrap elementor-element-populated\">\n\t\t\t\t\t\t<div class=\"elementor-element elementor-element-78cd75f elementor-invisible elementor-widget elementor-widget-image\" data-id=\"78cd75f\" data-element_type=\"widget\" data-e-type=\"widget\" data-settings=\"{&quot;_animation&quot;:&quot;fadeIn&quot;}\" data-widget_type=\"image.default\">\n\t\t\t\t<div class=\"elementor-widget-container\">\n\t\t\t\t\t\t\t\t\t\t\t\t\t\t\t<img fetchpriority=\"high\" decoding=\"async\" width=\"500\" height=\"500\" src=\"https:\/\/ap-lean.ch\/wp-content\/uploads\/2022\/10\/62ee81bd050bb050e04b55e7_143368934211977.jpeg\" class=\"attachment-full size-full wp-image-1702\" alt=\"\" srcset=\"https:\/\/ap-lean.ch\/wp-content\/uploads\/2022\/10\/62ee81bd050bb050e04b55e7_143368934211977.jpeg 500w, https:\/\/ap-lean.ch\/wp-content\/uploads\/2022\/10\/62ee81bd050bb050e04b55e7_143368934211977-300x300.jpeg 300w, https:\/\/ap-lean.ch\/wp-content\/uploads\/2022\/10\/62ee81bd050bb050e04b55e7_143368934211977-150x150.jpeg 150w\" sizes=\"(max-width: 500px) 100vw, 500px\">\t\t\t\t\t\t\t\t\t\t\t\t\t\t\t<\/div>\n\t\t\t\t<\/div>\n\t\t\t\t\t<\/div>\n\t\t<\/div>\n\t\t\t\t\t<\/div>\n\t\t<\/section>\n\t\t\t\t<section class=\"elementor-section elementor-top-section elementor-element elementor-element-009b92f elementor-section-boxed elementor-section-height-default elementor-section-height-default\" data-id=\"009b92f\" data-element_type=\"section\" data-e-type=\"section\">\n\t\t\t\t\t\t<div class=\"elementor-container elementor-column-gap-default\">\n\t\t\t\t\t<div class=\"elementor-column elementor-col-100 elementor-top-column elementor-element elementor-element-7817d07\" data-id=\"7817d07\" data-element_type=\"column\" data-e-type=\"column\">\n\t\t\t<div class=\"elementor-widget-wrap elementor-element-populated\">\n\t\t\t\t\t\t<div class=\"elementor-element elementor-element-909d519 elementor-widget elementor-widget-text-editor\" data-id=\"909d519\" data-element_type=\"widget\" data-e-type=\"widget\" data-widget_type=\"text-editor.default\">\n\t\t\t\t<div class=\"elementor-widget-container\">\n\t\t\t\t\t\t\t\t\t<p><span style=\"color: #808080;\"><em><span style=\"color: #ff0000;\">\u00bb<\/span> <span style=\"color: #000000;\">M\u00f6chten Sie alle Lean Manufacturing Methoden kennenlernen &amp; diese bei ihnen erfolgreich einsetzen &amp; implementieren?<\/span> <span style=\"color: #ff0000;\">\u00ab<\/span><\/em><\/span><\/p>\n<p>\u00a0<\/p>\n<p style=\"text-align: center;\"><span style=\"color: #00ccff;\"><em>Interesse an unserer <strong>Lean Manufacturing<\/strong>-Methode? Nimm einfach Kontakt mit uns auf, unter folgendem Button \u2026<\/em><\/span><\/p>\t\t\t\t\t\t\t\t<\/div>\n\t\t\t\t<\/div>\n\t\t\t\t\t<\/div>\n\t\t<\/div>\n\t\t\t\t\t<\/div>\n\t\t<\/section>\n\t\t\t\t<section class=\"elementor-section elementor-top-section elementor-element elementor-element-b73bbcc elementor-section-boxed elementor-section-height-default elementor-section-height-default\" data-id=\"b73bbcc\" data-element_type=\"section\" data-e-type=\"section\">\n\t\t\t\t\t\t<div class=\"elementor-container elementor-column-gap-default\">\n\t\t\t\t\t<div class=\"elementor-column elementor-col-100 elementor-top-column elementor-element elementor-element-f7b8ade\" data-id=\"f7b8ade\" data-element_type=\"column\" data-e-type=\"column\">\n\t\t\t<div class=\"elementor-widget-wrap elementor-element-populated\">\n\t\t\t\t\t\t<div class=\"elementor-element elementor-element-aebb2ef elementor-align-center elementor-invisible elementor-widget elementor-widget-button\" data-id=\"aebb2ef\" data-element_type=\"widget\" data-e-type=\"widget\" data-settings=\"{&quot;_animation&quot;:&quot;pulse&quot;}\" data-widget_type=\"button.default\">\n\t\t\t\t<div class=\"elementor-widget-container\">\n\t\t\t\t\t\t\t\t\t<div class=\"elementor-button-wrapper\">\n\t\t\t\t\t<a class=\"elementor-button elementor-button-link elementor-size-sm\" href=\"mailto:hello@ap-lean.ch?subject=Lean%20Manufacturing\">\n\t\t\t\t\t\t<span class=\"elementor-button-content-wrapper\">\n\t\t\t\t\t\t<span class=\"elementor-button-icon\">\n\t\t\t\t<i aria-hidden=\"true\" class=\"far fa-envelope\"><\/i>\t\t\t<\/span>\n\t\t\t\t\t\t\t\t\t<span class=\"elementor-button-text\">Lean-Manufacturing<\/span>\n\t\t\t\t\t<\/span>\n\t\t\t\t\t<\/a>\n\t\t\t\t<\/div>\n\t\t\t\t\t\t\t\t<\/div>\n\t\t\t\t<\/div>\n\t\t\t\t\t<\/div>\n\t\t<\/div>\n\t\t\t\t\t<\/div>\n\t\t<\/section>\n\t\t\t\t<\/div>\n\t\t","protected":false},"excerpt":{"rendered":"<p>Lean Manufacturing &amp; seine Methoden \u00a0 Lean bedeutet nicht nur &#8222;schlank&#8220; zu werden, sondern umschreibt die Beseitigung von allen Verschwendungen. Lean erm\u00f6glicht die Produktion mit geringen Losgr\u00f6ssen bei niedrigen Fixkosten, um auch bei wechselnder Auftragslage wettbewerbsf\u00e4higer zu sein. Das Toyota Produktionssystem (TPS) dient als Paradebeispiel, welches sich erfolgreich einsetzen l\u00e4sst. Die Grundpfeiler von Lean Manufacturing [&hellip;]<\/p>\n","protected":false},"author":2,"featured_media":0,"parent":0,"menu_order":0,"comment_status":"closed","ping_status":"closed","template":"","meta":{"content-type":"","footnotes":""},"class_list":["post-1677","page","type-page","status-publish","hentry"],"_links":{"self":[{"href":"https:\/\/ap-lean.ch\/index.php?rest_route=\/wp\/v2\/pages\/1677","targetHints":{"allow":["GET"]}}],"collection":[{"href":"https:\/\/ap-lean.ch\/index.php?rest_route=\/wp\/v2\/pages"}],"about":[{"href":"https:\/\/ap-lean.ch\/index.php?rest_route=\/wp\/v2\/types\/page"}],"author":[{"embeddable":true,"href":"https:\/\/ap-lean.ch\/index.php?rest_route=\/wp\/v2\/users\/2"}],"replies":[{"embeddable":true,"href":"https:\/\/ap-lean.ch\/index.php?rest_route=%2Fwp%2Fv2%2Fcomments&post=1677"}],"version-history":[{"count":0,"href":"https:\/\/ap-lean.ch\/index.php?rest_route=\/wp\/v2\/pages\/1677\/revisions"}],"wp:attachment":[{"href":"https:\/\/ap-lean.ch\/index.php?rest_route=%2Fwp%2Fv2%2Fmedia&parent=1677"}],"curies":[{"name":"wp","href":"https:\/\/api.w.org\/{rel}","templated":true}]}}