{"id":1519,"date":"2022-10-21T08:11:43","date_gmt":"2022-10-21T08:11:43","guid":{"rendered":"https:\/\/ap-lean.ch\/?page_id=1519"},"modified":"2022-10-26T15:57:09","modified_gmt":"2022-10-26T15:57:09","slug":"wertstromanalyse","status":"publish","type":"page","link":"https:\/\/ap-lean.ch\/?page_id=1519","title":{"rendered":"Wertstrom analyse"},"content":{"rendered":"\t\t<div data-elementor-type=\"wp-page\" data-elementor-id=\"1519\" class=\"elementor elementor-1519\">\n\t\t\t\t\t\t<section class=\"elementor-section elementor-top-section elementor-element elementor-element-5c035572 elementor-section-boxed elementor-section-height-default elementor-section-height-default\" data-id=\"5c035572\" data-element_type=\"section\" data-e-type=\"section\">\n\t\t\t\t\t\t<div class=\"elementor-container elementor-column-gap-default\">\n\t\t\t\t\t<div class=\"elementor-column elementor-col-100 elementor-top-column elementor-element elementor-element-3fe45db9\" data-id=\"3fe45db9\" data-element_type=\"column\" data-e-type=\"column\">\n\t\t\t<div class=\"elementor-widget-wrap elementor-element-populated\">\n\t\t\t\t\t\t<div class=\"elementor-element elementor-element-51819e52 elementor-invisible elementor-widget elementor-widget-text-editor\" data-id=\"51819e52\" data-element_type=\"widget\" data-e-type=\"widget\" data-settings=\"{&quot;_animation&quot;:&quot;fadeIn&quot;}\" data-widget_type=\"text-editor.default\">\n\t\t\t\t<div class=\"elementor-widget-container\">\n\t\t\t\t\t\t\t\t\t\n<h3><strong>Wertstrom analysieren, designen &amp; optimieren\u00a0<\/strong><\/h3>\n<p>\u00a0<\/p>\n<p><em>Die <span style=\"color: #00ccff;\"><strong>Wertstromanalyse<\/strong><\/span> hat sich zum Ziel genommen, Prozessketten mit einem <strong>hohen Wertsch\u00f6pfungsanteil<\/strong> &amp; <strong>geringen Durchlaufzeiten<\/strong> zu gestalten. Die grunds\u00e4tzliche <span style=\"color: #00ccff;\"><strong>Wertstromanalyse<\/strong><\/span> bezieht sich <strong>bereichs\u00fcbergreifend<\/strong> auf den <span style=\"text-decoration: underline;\">gesamten Wertstrom<\/span> in der Produktion &amp; Fertigung.<\/em><\/p>\n\n<p style=\"text-align: center;\"><em>Hier gilt:<\/em> &#8222;<strong>Von der Rampe bis zum Kunden &#8211; Von der Erzeugung bis zum Endverbraucher&#8220;<\/strong><\/p>\n<p>\u00a0<\/p>\n<p><img fetchpriority=\"high\" decoding=\"async\" class=\"aligncenter wp-image-1531 size-large\" src=\"https:\/\/ap-lean.ch\/wp-content\/uploads\/2022\/10\/6300e9e19a0eb6b7d1db2696-Kopie-1024x1024.jpeg\" alt=\"\" width=\"1024\" height=\"1024\" srcset=\"https:\/\/ap-lean.ch\/wp-content\/uploads\/2022\/10\/6300e9e19a0eb6b7d1db2696-Kopie-1024x1024.jpeg 1024w, https:\/\/ap-lean.ch\/wp-content\/uploads\/2022\/10\/6300e9e19a0eb6b7d1db2696-Kopie-300x300.jpeg 300w, https:\/\/ap-lean.ch\/wp-content\/uploads\/2022\/10\/6300e9e19a0eb6b7d1db2696-Kopie-150x150.jpeg 150w, https:\/\/ap-lean.ch\/wp-content\/uploads\/2022\/10\/6300e9e19a0eb6b7d1db2696-Kopie-768x768.jpeg 768w, https:\/\/ap-lean.ch\/wp-content\/uploads\/2022\/10\/6300e9e19a0eb6b7d1db2696-Kopie.jpeg 1080w\" sizes=\"(max-width: 1024px) 100vw, 1024px\" \/><\/p>\n\t\t\t\t\t\t\t\t<\/div>\n\t\t\t\t<\/div>\n\t\t\t\t\t<\/div>\n\t\t<\/div>\n\t\t\t\t\t<\/div>\n\t\t<\/section>\n\t\t\t\t<section class=\"elementor-section elementor-top-section elementor-element elementor-element-bcb95fe elementor-section-boxed elementor-section-height-default elementor-section-height-default\" data-id=\"bcb95fe\" data-element_type=\"section\" data-e-type=\"section\">\n\t\t\t\t\t\t<div class=\"elementor-container elementor-column-gap-default\">\n\t\t\t\t\t<div class=\"elementor-column elementor-col-100 elementor-top-column elementor-element elementor-element-b8734f3\" data-id=\"b8734f3\" data-element_type=\"column\" data-e-type=\"column\">\n\t\t\t<div class=\"elementor-widget-wrap elementor-element-populated\">\n\t\t\t\t\t\t<div class=\"elementor-element elementor-element-904331c elementor-widget elementor-widget-text-editor\" data-id=\"904331c\" data-element_type=\"widget\" data-e-type=\"widget\" data-widget_type=\"text-editor.default\">\n\t\t\t\t<div class=\"elementor-widget-container\">\n\t\t\t\t\t\t\t\t\t<p style=\"text-align: center;\"><span style=\"color: #00ccff;\"><em>Interesse an unserer <strong>Wertstromanalyse<\/strong>? Nimm einfach Kontakt mit uns auf, unter folgendem Button \u2026<\/em><\/span><\/p>\t\t\t\t\t\t\t\t<\/div>\n\t\t\t\t<\/div>\n\t\t\t\t\t<\/div>\n\t\t<\/div>\n\t\t\t\t\t<\/div>\n\t\t<\/section>\n\t\t\t\t<section class=\"elementor-section elementor-top-section elementor-element elementor-element-e05fef1 elementor-section-boxed elementor-section-height-default elementor-section-height-default\" data-id=\"e05fef1\" data-element_type=\"section\" data-e-type=\"section\">\n\t\t\t\t\t\t<div class=\"elementor-container elementor-column-gap-default\">\n\t\t\t\t\t<div class=\"elementor-column elementor-col-100 elementor-top-column elementor-element elementor-element-d6538ac\" data-id=\"d6538ac\" data-element_type=\"column\" data-e-type=\"column\">\n\t\t\t<div class=\"elementor-widget-wrap elementor-element-populated\">\n\t\t\t\t\t\t<div class=\"elementor-element elementor-element-12077c7 elementor-align-center elementor-invisible elementor-widget elementor-widget-button\" data-id=\"12077c7\" data-element_type=\"widget\" data-e-type=\"widget\" data-settings=\"{&quot;_animation&quot;:&quot;pulse&quot;}\" data-widget_type=\"button.default\">\n\t\t\t\t<div class=\"elementor-widget-container\">\n\t\t\t\t\t\t\t\t\t<div class=\"elementor-button-wrapper\">\n\t\t\t\t\t<a class=\"elementor-button elementor-button-link elementor-size-sm\" href=\"mailto:hello@ap-lean.ch?subject=Wertstromanalyse\">\n\t\t\t\t\t\t<span class=\"elementor-button-content-wrapper\">\n\t\t\t\t\t\t<span class=\"elementor-button-icon\">\n\t\t\t\t<i aria-hidden=\"true\" class=\"far fa-envelope\"><\/i>\t\t\t<\/span>\n\t\t\t\t\t\t\t\t\t<span class=\"elementor-button-text\">Wertstromanalyse<\/span>\n\t\t\t\t\t<\/span>\n\t\t\t\t\t<\/a>\n\t\t\t\t<\/div>\n\t\t\t\t\t\t\t\t<\/div>\n\t\t\t\t<\/div>\n\t\t\t\t\t<\/div>\n\t\t<\/div>\n\t\t\t\t\t<\/div>\n\t\t<\/section>\n\t\t\t\t<\/div>\n\t\t","protected":false},"excerpt":{"rendered":"<p>Wertstrom analysieren, designen &amp; optimieren\u00a0 \u00a0 Die Wertstromanalyse hat sich zum Ziel genommen, Prozessketten mit einem hohen Wertsch\u00f6pfungsanteil &amp; geringen Durchlaufzeiten zu gestalten. Die grunds\u00e4tzliche Wertstromanalyse bezieht sich bereichs\u00fcbergreifend auf den gesamten Wertstrom in der Produktion &amp; Fertigung. Hier gilt: &#8222;Von der Rampe bis zum Kunden &#8211; Von der Erzeugung bis zum Endverbraucher&#8220; \u00a0 Interesse [&hellip;]<\/p>\n","protected":false},"author":2,"featured_media":0,"parent":0,"menu_order":0,"comment_status":"closed","ping_status":"closed","template":"","meta":{"content-type":"","footnotes":""},"class_list":["post-1519","page","type-page","status-publish","hentry"],"_links":{"self":[{"href":"https:\/\/ap-lean.ch\/index.php?rest_route=\/wp\/v2\/pages\/1519","targetHints":{"allow":["GET"]}}],"collection":[{"href":"https:\/\/ap-lean.ch\/index.php?rest_route=\/wp\/v2\/pages"}],"about":[{"href":"https:\/\/ap-lean.ch\/index.php?rest_route=\/wp\/v2\/types\/page"}],"author":[{"embeddable":true,"href":"https:\/\/ap-lean.ch\/index.php?rest_route=\/wp\/v2\/users\/2"}],"replies":[{"embeddable":true,"href":"https:\/\/ap-lean.ch\/index.php?rest_route=%2Fwp%2Fv2%2Fcomments&post=1519"}],"version-history":[{"count":0,"href":"https:\/\/ap-lean.ch\/index.php?rest_route=\/wp\/v2\/pages\/1519\/revisions"}],"wp:attachment":[{"href":"https:\/\/ap-lean.ch\/index.php?rest_route=%2Fwp%2Fv2%2Fmedia&parent=1519"}],"curies":[{"name":"wp","href":"https:\/\/api.w.org\/{rel}","templated":true}]}}