{"id":1345,"date":"2022-10-09T09:24:54","date_gmt":"2022-10-09T09:24:54","guid":{"rendered":"https:\/\/ap-lean.ch\/?page_id=1345"},"modified":"2022-10-26T15:58:01","modified_gmt":"2022-10-26T15:58:01","slug":"kaizen","status":"publish","type":"page","link":"https:\/\/ap-lean.ch\/?page_id=1345","title":{"rendered":"Kai`zen"},"content":{"rendered":"\t\t<div data-elementor-type=\"wp-page\" data-elementor-id=\"1345\" class=\"elementor elementor-1345\">\n\t\t\t\t\t\t<section class=\"elementor-section elementor-top-section elementor-element elementor-element-46f4308d elementor-section-boxed elementor-section-height-default elementor-section-height-default\" data-id=\"46f4308d\" data-element_type=\"section\" data-e-type=\"section\">\n\t\t\t\t\t\t<div class=\"elementor-container elementor-column-gap-default\">\n\t\t\t\t\t<div class=\"elementor-column elementor-col-100 elementor-top-column elementor-element elementor-element-5537ba73\" data-id=\"5537ba73\" data-element_type=\"column\" data-e-type=\"column\">\n\t\t\t<div class=\"elementor-widget-wrap elementor-element-populated\">\n\t\t\t\t\t\t<div class=\"elementor-element elementor-element-3cf8460f elementor-invisible elementor-widget elementor-widget-text-editor\" data-id=\"3cf8460f\" data-element_type=\"widget\" data-e-type=\"widget\" data-settings=\"{&quot;_animation&quot;:&quot;fadeIn&quot;}\" data-widget_type=\"text-editor.default\">\n\t\t\t\t<div class=\"elementor-widget-container\">\n\t\t\t\t\t\t\t\t\t\n<h3><strong>Kai`zen, der Weg zum Besseren\u00a0<\/strong><\/h3>\n<p>\u00a0<\/p>\n<p><em>Nach der Philosophie des <span style=\"color: #00ccff;\"><strong>Kai`zen<\/strong><\/span> erfolgt Fortschritt in kleinschrittigen Optimierungen bew\u00e4hrter Verfahren &amp; Produkte. Entsprechend dieser \u00dcberzeugung werden verschiedene <strong>Werkzeuge &amp; Methoden<\/strong> f\u00fcr stetige Verbesserung auf allen Ebenen eines Unternehmens als Kernfunktion eines <span style=\"color: #00ccff;\"><strong>Kai`zen<\/strong><\/span>-Programms angewendet.<\/em><\/p>\n\n<p><em><span style=\"color: #00ccff;\"><strong>Kai`zen<\/strong><\/span> verlangt den Wandel von einer <strong>ergebnisorientierten<\/strong> zu einer <strong>prozessorientierten<\/strong> Kultur.<\/em><\/p>\n<p>\u00a0<\/p>\n<p><img fetchpriority=\"high\" decoding=\"async\" class=\"alignnone size-medium wp-image-1360 aligncenter\" src=\"https:\/\/ap-lean.ch\/wp-content\/uploads\/2022\/10\/62ee43d5f8c17c29cd9a2817-300x300.jpeg\" alt=\"\" width=\"300\" height=\"300\" srcset=\"https:\/\/ap-lean.ch\/wp-content\/uploads\/2022\/10\/62ee43d5f8c17c29cd9a2817-300x300.jpeg 300w, https:\/\/ap-lean.ch\/wp-content\/uploads\/2022\/10\/62ee43d5f8c17c29cd9a2817-150x150.jpeg 150w, https:\/\/ap-lean.ch\/wp-content\/uploads\/2022\/10\/62ee43d5f8c17c29cd9a2817.jpeg 500w\" sizes=\"(max-width: 300px) 100vw, 300px\" \/><\/p>\n<p>\u00a0<\/p>\n<p style=\"text-align: center;\"><span style=\"color: #00ccff;\"><em>Interesse an unserer <strong>Kai`zen<\/strong>-Methode? Nimm einfach Kontakt mit uns auf, unter folgendem Button \u2026<\/em><\/span><\/p>\n\t\t\t\t\t\t\t\t<\/div>\n\t\t\t\t<\/div>\n\t\t\t\t\t<\/div>\n\t\t<\/div>\n\t\t\t\t\t<\/div>\n\t\t<\/section>\n\t\t\t\t<section class=\"elementor-section elementor-top-section elementor-element elementor-element-f513e63 elementor-section-boxed elementor-section-height-default elementor-section-height-default\" data-id=\"f513e63\" data-element_type=\"section\" data-e-type=\"section\">\n\t\t\t\t\t\t<div class=\"elementor-container elementor-column-gap-default\">\n\t\t\t\t\t<div class=\"elementor-column elementor-col-100 elementor-top-column elementor-element elementor-element-4cc7a56\" data-id=\"4cc7a56\" data-element_type=\"column\" data-e-type=\"column\">\n\t\t\t<div class=\"elementor-widget-wrap elementor-element-populated\">\n\t\t\t\t\t\t<div class=\"elementor-element elementor-element-c618872 elementor-align-center elementor-invisible elementor-widget elementor-widget-button\" data-id=\"c618872\" data-element_type=\"widget\" data-e-type=\"widget\" data-settings=\"{&quot;_animation&quot;:&quot;pulse&quot;}\" data-widget_type=\"button.default\">\n\t\t\t\t<div class=\"elementor-widget-container\">\n\t\t\t\t\t\t\t\t\t<div class=\"elementor-button-wrapper\">\n\t\t\t\t\t<a class=\"elementor-button elementor-button-link elementor-size-sm\" href=\"mailto:hello@ap-lean.ch?subject=Kaizen\">\n\t\t\t\t\t\t<span class=\"elementor-button-content-wrapper\">\n\t\t\t\t\t\t<span class=\"elementor-button-icon\">\n\t\t\t\t<i aria-hidden=\"true\" class=\"far fa-envelope\"><\/i>\t\t\t<\/span>\n\t\t\t\t\t\t\t\t\t<span class=\"elementor-button-text\">Kai`zen<\/span>\n\t\t\t\t\t<\/span>\n\t\t\t\t\t<\/a>\n\t\t\t\t<\/div>\n\t\t\t\t\t\t\t\t<\/div>\n\t\t\t\t<\/div>\n\t\t\t\t\t<\/div>\n\t\t<\/div>\n\t\t\t\t\t<\/div>\n\t\t<\/section>\n\t\t\t\t<\/div>\n\t\t","protected":false},"excerpt":{"rendered":"<p>Kai`zen, der Weg zum Besseren\u00a0 \u00a0 Nach der Philosophie des Kai`zen erfolgt Fortschritt in kleinschrittigen Optimierungen bew\u00e4hrter Verfahren &amp; Produkte. Entsprechend dieser \u00dcberzeugung werden verschiedene Werkzeuge &amp; Methoden f\u00fcr stetige Verbesserung auf allen Ebenen eines Unternehmens als Kernfunktion eines Kai`zen-Programms angewendet. Kai`zen verlangt den Wandel von einer ergebnisorientierten zu einer prozessorientierten Kultur. \u00a0 \u00a0 Interesse [&hellip;]<\/p>\n","protected":false},"author":2,"featured_media":0,"parent":567,"menu_order":0,"comment_status":"closed","ping_status":"closed","template":"","meta":{"content-type":"","footnotes":""},"class_list":["post-1345","page","type-page","status-publish","hentry"],"_links":{"self":[{"href":"https:\/\/ap-lean.ch\/index.php?rest_route=\/wp\/v2\/pages\/1345","targetHints":{"allow":["GET"]}}],"collection":[{"href":"https:\/\/ap-lean.ch\/index.php?rest_route=\/wp\/v2\/pages"}],"about":[{"href":"https:\/\/ap-lean.ch\/index.php?rest_route=\/wp\/v2\/types\/page"}],"author":[{"embeddable":true,"href":"https:\/\/ap-lean.ch\/index.php?rest_route=\/wp\/v2\/users\/2"}],"replies":[{"embeddable":true,"href":"https:\/\/ap-lean.ch\/index.php?rest_route=%2Fwp%2Fv2%2Fcomments&post=1345"}],"version-history":[{"count":0,"href":"https:\/\/ap-lean.ch\/index.php?rest_route=\/wp\/v2\/pages\/1345\/revisions"}],"up":[{"embeddable":true,"href":"https:\/\/ap-lean.ch\/index.php?rest_route=\/wp\/v2\/pages\/567"}],"wp:attachment":[{"href":"https:\/\/ap-lean.ch\/index.php?rest_route=%2Fwp%2Fv2%2Fmedia&parent=1345"}],"curies":[{"name":"wp","href":"https:\/\/api.w.org\/{rel}","templated":true}]}}