{"id":1308,"date":"2022-10-08T12:46:51","date_gmt":"2022-10-08T12:46:51","guid":{"rendered":"https:\/\/ap-lean.ch\/?page_id=1308"},"modified":"2022-10-26T15:56:17","modified_gmt":"2022-10-26T15:56:17","slug":"kvp","status":"publish","type":"page","link":"https:\/\/ap-lean.ch\/?page_id=1308","title":{"rendered":"KVP"},"content":{"rendered":"\t\t<div data-elementor-type=\"wp-page\" data-elementor-id=\"1308\" class=\"elementor elementor-1308\">\n\t\t\t\t\t\t<section class=\"elementor-section elementor-top-section elementor-element elementor-element-14e203a elementor-section-boxed elementor-section-height-default elementor-section-height-default\" data-id=\"14e203a\" data-element_type=\"section\" data-e-type=\"section\">\n\t\t\t\t\t\t<div class=\"elementor-container elementor-column-gap-default\">\n\t\t\t\t\t<div class=\"elementor-column elementor-col-100 elementor-top-column elementor-element elementor-element-61db5a3e\" data-id=\"61db5a3e\" data-element_type=\"column\" data-e-type=\"column\">\n\t\t\t<div class=\"elementor-widget-wrap elementor-element-populated\">\n\t\t\t\t\t\t<div class=\"elementor-element elementor-element-32cf7a7 elementor-invisible elementor-widget elementor-widget-text-editor\" data-id=\"32cf7a7\" data-element_type=\"widget\" data-e-type=\"widget\" data-settings=\"{&quot;_animation&quot;:&quot;fadeIn&quot;}\" data-widget_type=\"text-editor.default\">\n\t\t\t\t<div class=\"elementor-widget-container\">\n\t\t\t\t\t\t\t\t\t\n<h3><strong>Der kontinuierliche Verbesserungsprozess &amp; Ideenf\u00f6rderer<\/strong><\/h3>\n<p>\u00a0<\/p>\n<p><em><span style=\"color: #00ccff;\"><strong>KVP<\/strong><\/span> ist ein Grundprinzip des Qualit\u00e4tsmanagements &amp; unverzichtbarer Bestandteil der ISO 9001. Das Erarbeiten von <strong>Verbesserungsvorschl\u00e4gen<\/strong> durch Arbeitsgruppen oder auch einzelnen Mitarbeitern, ist hierbei gewollt &amp; sogar erw\u00fcnscht.<\/em><\/p>\n\n<p><em>Der Ablauf einer <span style=\"color: #00ccff;\"><strong>KVP<\/strong><\/span>, wird meist mit Hilfe des <strong>Demingkreis (PDCA-Zyklus)<\/strong> durchgef\u00fchrt. Das <span style=\"text-decoration: underline;\">Ziel<\/span> der KVP-Methode ist, die Prozessverbesserungen voranzutreiben, Ideenfindung f\u00fcr alle Mitarbeiter zuzulassen, Ressourcenverschwendungen zu vermeiden &amp; die Qualit\u00e4t zu erh\u00f6hen.<\/em><\/p>\n<p>\u00a0<\/p>\n<p><img fetchpriority=\"high\" decoding=\"async\" class=\"aligncenter wp-image-1316 size-full\" src=\"https:\/\/ap-lean.ch\/wp-content\/uploads\/2022\/10\/KVP-Grafik-AP_Lean.png\" alt=\"\" width=\"987\" height=\"672\" srcset=\"https:\/\/ap-lean.ch\/wp-content\/uploads\/2022\/10\/KVP-Grafik-AP_Lean.png 987w, https:\/\/ap-lean.ch\/wp-content\/uploads\/2022\/10\/KVP-Grafik-AP_Lean-300x204.png 300w, https:\/\/ap-lean.ch\/wp-content\/uploads\/2022\/10\/KVP-Grafik-AP_Lean-768x523.png 768w\" sizes=\"(max-width: 987px) 100vw, 987px\" \/><\/p>\n<p>\u00a0<\/p>\n\n<p><em><span style=\"color: #00ccff;\"><strong>KVP<\/strong><\/span> ist ein bew\u00e4hrtes Instrument, dass die <strong>Mitarbeitereinbindung<\/strong>, das <strong>Ideenmanagement<\/strong> &amp; die interne <strong>Zusammenarbeit<\/strong> vereint, f\u00f6rdert &amp; in den meisten F\u00e4llen auch mit Bonussystemen honoriert wird.<\/em><\/p>\n<p>\u00a0<\/p>\n<p style=\"text-align: center;\"><span style=\"color: #00ccff;\"><em>Interesse an unserer <strong>KVP<\/strong>-Methode? Nimm einfach Kontakt mit uns auf, unter folgendem Button \u2026<\/em><\/span><\/p>\n\t\t\t\t\t\t\t\t<\/div>\n\t\t\t\t<\/div>\n\t\t\t\t\t<\/div>\n\t\t<\/div>\n\t\t\t\t\t<\/div>\n\t\t<\/section>\n\t\t\t\t<section class=\"elementor-section elementor-top-section elementor-element elementor-element-c2c3f5d elementor-section-boxed elementor-section-height-default elementor-section-height-default\" data-id=\"c2c3f5d\" data-element_type=\"section\" data-e-type=\"section\">\n\t\t\t\t\t\t<div class=\"elementor-container elementor-column-gap-default\">\n\t\t\t\t\t<div class=\"elementor-column elementor-col-100 elementor-top-column elementor-element elementor-element-d363d43\" data-id=\"d363d43\" data-element_type=\"column\" data-e-type=\"column\">\n\t\t\t<div class=\"elementor-widget-wrap elementor-element-populated\">\n\t\t\t\t\t\t<div class=\"elementor-element elementor-element-ef0825d elementor-align-center elementor-invisible elementor-widget elementor-widget-button\" data-id=\"ef0825d\" data-element_type=\"widget\" data-e-type=\"widget\" data-settings=\"{&quot;_animation&quot;:&quot;pulse&quot;}\" data-widget_type=\"button.default\">\n\t\t\t\t<div class=\"elementor-widget-container\">\n\t\t\t\t\t\t\t\t\t<div class=\"elementor-button-wrapper\">\n\t\t\t\t\t<a class=\"elementor-button elementor-button-link elementor-size-sm\" href=\"mailto:hello@ap-lean.ch?subject=KVP%20(Kontinuierlicher%20Verbesserungsprozess)\">\n\t\t\t\t\t\t<span class=\"elementor-button-content-wrapper\">\n\t\t\t\t\t\t<span class=\"elementor-button-icon\">\n\t\t\t\t<i aria-hidden=\"true\" class=\"far fa-envelope\"><\/i>\t\t\t<\/span>\n\t\t\t\t\t\t\t\t\t<span class=\"elementor-button-text\">KVP<\/span>\n\t\t\t\t\t<\/span>\n\t\t\t\t\t<\/a>\n\t\t\t\t<\/div>\n\t\t\t\t\t\t\t\t<\/div>\n\t\t\t\t<\/div>\n\t\t\t\t\t<\/div>\n\t\t<\/div>\n\t\t\t\t\t<\/div>\n\t\t<\/section>\n\t\t\t\t<\/div>\n\t\t","protected":false},"excerpt":{"rendered":"<p>Der kontinuierliche Verbesserungsprozess &amp; Ideenf\u00f6rderer \u00a0 KVP ist ein Grundprinzip des Qualit\u00e4tsmanagements &amp; unverzichtbarer Bestandteil der ISO 9001. Das Erarbeiten von Verbesserungsvorschl\u00e4gen durch Arbeitsgruppen oder auch einzelnen Mitarbeitern, ist hierbei gewollt &amp; sogar erw\u00fcnscht. Der Ablauf einer KVP, wird meist mit Hilfe des Demingkreis (PDCA-Zyklus) durchgef\u00fchrt. Das Ziel der KVP-Methode ist, die Prozessverbesserungen voranzutreiben, Ideenfindung [&hellip;]<\/p>\n","protected":false},"author":2,"featured_media":0,"parent":567,"menu_order":0,"comment_status":"closed","ping_status":"closed","template":"","meta":{"content-type":"","footnotes":""},"class_list":["post-1308","page","type-page","status-publish","hentry"],"_links":{"self":[{"href":"https:\/\/ap-lean.ch\/index.php?rest_route=\/wp\/v2\/pages\/1308","targetHints":{"allow":["GET"]}}],"collection":[{"href":"https:\/\/ap-lean.ch\/index.php?rest_route=\/wp\/v2\/pages"}],"about":[{"href":"https:\/\/ap-lean.ch\/index.php?rest_route=\/wp\/v2\/types\/page"}],"author":[{"embeddable":true,"href":"https:\/\/ap-lean.ch\/index.php?rest_route=\/wp\/v2\/users\/2"}],"replies":[{"embeddable":true,"href":"https:\/\/ap-lean.ch\/index.php?rest_route=%2Fwp%2Fv2%2Fcomments&post=1308"}],"version-history":[{"count":0,"href":"https:\/\/ap-lean.ch\/index.php?rest_route=\/wp\/v2\/pages\/1308\/revisions"}],"up":[{"embeddable":true,"href":"https:\/\/ap-lean.ch\/index.php?rest_route=\/wp\/v2\/pages\/567"}],"wp:attachment":[{"href":"https:\/\/ap-lean.ch\/index.php?rest_route=%2Fwp%2Fv2%2Fmedia&parent=1308"}],"curies":[{"name":"wp","href":"https:\/\/api.w.org\/{rel}","templated":true}]}}