{"id":1217,"date":"2022-10-07T08:43:30","date_gmt":"2022-10-07T08:43:30","guid":{"rendered":"https:\/\/ap-lean.ch\/?page_id=1217"},"modified":"2022-10-26T15:55:36","modified_gmt":"2022-10-26T15:55:36","slug":"muda-mura-muri","status":"publish","type":"page","link":"https:\/\/ap-lean.ch\/?page_id=1217","title":{"rendered":"Muda \/ Mura \/ Muri"},"content":{"rendered":"\t\t<div data-elementor-type=\"wp-page\" data-elementor-id=\"1217\" class=\"elementor elementor-1217\">\n\t\t\t\t\t\t<section class=\"elementor-section elementor-top-section elementor-element elementor-element-5d7bdf2f elementor-section-boxed elementor-section-height-default elementor-section-height-default\" data-id=\"5d7bdf2f\" data-element_type=\"section\" data-e-type=\"section\">\n\t\t\t\t\t\t<div class=\"elementor-container elementor-column-gap-default\">\n\t\t\t\t\t<div class=\"elementor-column elementor-col-100 elementor-top-column elementor-element elementor-element-508e2eb2\" data-id=\"508e2eb2\" data-element_type=\"column\" data-e-type=\"column\">\n\t\t\t<div class=\"elementor-widget-wrap elementor-element-populated\">\n\t\t\t\t\t\t<div class=\"elementor-element elementor-element-23a262ac elementor-invisible elementor-widget elementor-widget-text-editor\" data-id=\"23a262ac\" data-element_type=\"widget\" data-e-type=\"widget\" data-settings=\"{&quot;_animation&quot;:&quot;fadeIn&quot;}\" data-widget_type=\"text-editor.default\">\n\t\t\t\t<div class=\"elementor-widget-container\">\n\t\t\t\t\t\t\t\t\t<p><\/p>\n<h3><strong>Die 3Mu-Methode &amp;<\/strong><\/h3>\n<h3><strong> die 7 Verschwendungsarten<\/strong><\/h3>\n<p>\u00a0<\/p>\n<p><em><span style=\"color: #00ccff;\"><strong>Muda<\/strong><\/span> fokussiert sich auf die Verschwendung &amp; auf alle Aktivit\u00e4ten, die keine Werte schaffen. Die <strong>7 Verschwendungsarten<\/strong> sind hierbei das ideale Hilfsmittel, um an den richtigen &#8222;Stellschrauben&#8220; zu drehen. Noch zu nennen sind die <strong>zwei zus\u00e4tzlichen Verschwendungsarten<\/strong>:<\/em><\/p>\n<ul>\n<li><em>Verschwendung durch schlechte Ergonomie<\/em><\/li>\n<li><em>Nicht oder falsch genutzte Talente der Mitarbeiter<\/em><\/li>\n<\/ul>\n<p>\u00a0<\/p>\n<p><img fetchpriority=\"high\" decoding=\"async\" class=\"aligncenter wp-image-1225 size-medium\" src=\"https:\/\/ap-lean.ch\/wp-content\/uploads\/2022\/10\/62ee30f21a636e3157648d03_133156831514576-300x300.jpeg\" alt=\"\" width=\"300\" height=\"300\" srcset=\"https:\/\/ap-lean.ch\/wp-content\/uploads\/2022\/10\/62ee30f21a636e3157648d03_133156831514576-300x300.jpeg 300w, https:\/\/ap-lean.ch\/wp-content\/uploads\/2022\/10\/62ee30f21a636e3157648d03_133156831514576-150x150.jpeg 150w, https:\/\/ap-lean.ch\/wp-content\/uploads\/2022\/10\/62ee30f21a636e3157648d03_133156831514576.jpeg 500w\" sizes=\"(max-width: 300px) 100vw, 300px\" \/><\/p>\n<p>\u00a0<\/p>\n<p>\u00a0<\/p>\n<p><\/p>\n<p><em><span style=\"color: #00ccff;\"><strong>Mura<\/strong><\/span> befasst sich mit <strong>Abweichungen &amp; Unregelm\u00e4ssigkeiten<\/strong>. Es steht f\u00fcr Verluste durch fehlende oder nicht vollkommene Harmonisierung der Kapazit\u00e4ten in der Fertigungssteuerung.<\/em><\/p>\n<p>\u00a0<\/p>\n<p>\u00a0<\/p>\n<p><\/p>\n<p><em><span style=\"color: #00ccff;\"><strong>Muri<\/strong><\/span> hat sich zur Aufgabe genommen, die \u00dcberlastung w\u00e4hrend des Arbeitsprozesses zu bewerten &amp; daraus Verbesserungen zu generieren. Auch bei dieser Methode, ist ein Verlust vorhanden, wenn \u00fcberwiegend der Stress, \u00dcberm\u00fcdung oder auch die Fehlplanung den Tag dominieren.<\/em><\/p>\n<p>\u00a0<\/p>\n<p style=\"text-align: center;\"><span style=\"color: #00ccff;\"><em>Interesse an unserer <strong>3Mu<\/strong>-Methode? Nimm einfach Kontakt mit uns auf, unter folgendem Button \u2026<\/em><\/span><\/p>\n<p><\/p>\t\t\t\t\t\t\t\t<\/div>\n\t\t\t\t<\/div>\n\t\t\t\t\t<\/div>\n\t\t<\/div>\n\t\t\t\t\t<\/div>\n\t\t<\/section>\n\t\t\t\t<section class=\"elementor-section elementor-top-section elementor-element elementor-element-9cae1be elementor-section-boxed elementor-section-height-default elementor-section-height-default\" data-id=\"9cae1be\" data-element_type=\"section\" data-e-type=\"section\">\n\t\t\t\t\t\t<div class=\"elementor-container elementor-column-gap-default\">\n\t\t\t\t\t<div class=\"elementor-column elementor-col-100 elementor-top-column elementor-element elementor-element-8022da4\" data-id=\"8022da4\" data-element_type=\"column\" data-e-type=\"column\">\n\t\t\t<div class=\"elementor-widget-wrap elementor-element-populated\">\n\t\t\t\t\t\t<div class=\"elementor-element elementor-element-618090e elementor-align-center elementor-invisible elementor-widget elementor-widget-button\" data-id=\"618090e\" data-element_type=\"widget\" data-e-type=\"widget\" data-settings=\"{&quot;_animation&quot;:&quot;pulse&quot;}\" data-widget_type=\"button.default\">\n\t\t\t\t<div class=\"elementor-widget-container\">\n\t\t\t\t\t\t\t\t\t<div class=\"elementor-button-wrapper\">\n\t\t\t\t\t<a class=\"elementor-button elementor-button-link elementor-size-sm\" href=\"mailto:hello@ap-lean.ch?subject=%203Mu%20(Muda,Mura,%20Muri)\">\n\t\t\t\t\t\t<span class=\"elementor-button-content-wrapper\">\n\t\t\t\t\t\t<span class=\"elementor-button-icon\">\n\t\t\t\t<i aria-hidden=\"true\" class=\"far fa-envelope\"><\/i>\t\t\t<\/span>\n\t\t\t\t\t\t\t\t\t<span class=\"elementor-button-text\">3Mu<\/span>\n\t\t\t\t\t<\/span>\n\t\t\t\t\t<\/a>\n\t\t\t\t<\/div>\n\t\t\t\t\t\t\t\t<\/div>\n\t\t\t\t<\/div>\n\t\t\t\t\t<\/div>\n\t\t<\/div>\n\t\t\t\t\t<\/div>\n\t\t<\/section>\n\t\t\t\t<\/div>\n\t\t","protected":false},"excerpt":{"rendered":"<p>Die 3Mu-Methode &amp; die 7 Verschwendungsarten \u00a0 Muda fokussiert sich auf die Verschwendung &amp; auf alle Aktivit\u00e4ten, die keine Werte schaffen. Die 7 Verschwendungsarten sind hierbei das ideale Hilfsmittel, um an den richtigen &#8222;Stellschrauben&#8220; zu drehen. Noch zu nennen sind die zwei zus\u00e4tzlichen Verschwendungsarten: Verschwendung durch schlechte Ergonomie Nicht oder falsch genutzte Talente der Mitarbeiter [&hellip;]<\/p>\n","protected":false},"author":2,"featured_media":0,"parent":567,"menu_order":0,"comment_status":"closed","ping_status":"closed","template":"","meta":{"content-type":"","footnotes":""},"class_list":["post-1217","page","type-page","status-publish","hentry"],"_links":{"self":[{"href":"https:\/\/ap-lean.ch\/index.php?rest_route=\/wp\/v2\/pages\/1217","targetHints":{"allow":["GET"]}}],"collection":[{"href":"https:\/\/ap-lean.ch\/index.php?rest_route=\/wp\/v2\/pages"}],"about":[{"href":"https:\/\/ap-lean.ch\/index.php?rest_route=\/wp\/v2\/types\/page"}],"author":[{"embeddable":true,"href":"https:\/\/ap-lean.ch\/index.php?rest_route=\/wp\/v2\/users\/2"}],"replies":[{"embeddable":true,"href":"https:\/\/ap-lean.ch\/index.php?rest_route=%2Fwp%2Fv2%2Fcomments&post=1217"}],"version-history":[{"count":0,"href":"https:\/\/ap-lean.ch\/index.php?rest_route=\/wp\/v2\/pages\/1217\/revisions"}],"up":[{"embeddable":true,"href":"https:\/\/ap-lean.ch\/index.php?rest_route=\/wp\/v2\/pages\/567"}],"wp:attachment":[{"href":"https:\/\/ap-lean.ch\/index.php?rest_route=%2Fwp%2Fv2%2Fmedia&parent=1217"}],"curies":[{"name":"wp","href":"https:\/\/api.w.org\/{rel}","templated":true}]}}